{"id":390,"date":"2021-08-11T01:52:51","date_gmt":"2021-08-11T04:52:51","guid":{"rendered":"https:\/\/shearwateraviationmuseum.ca\/?page_id=390"},"modified":"2023-10-26T12:47:42","modified_gmt":"2023-10-26T15:47:42","slug":"exposition-passe-temps-du-printemps","status":"publish","type":"page","link":"https:\/\/shearwateraviationmuseum.ca\/index.php\/fr\/quoi-voir-et-faire\/exposition-passe-temps-du-printemps\/","title":{"rendered":"Exposition passe-temps du printemps"},"content":{"rendered":"\n<p><strong>EXPOSITION ANNUEL DE PRINTEMPS SUR LES LOISIR CR\u00c9ATIF:<\/strong><\/p>\n\n\n\n<p>Le mus\u00e9e de l&#8217;aviation de Shearwater pr\u00e9sente son exposition annuelle de printemps, un \u00e9v\u00e9nement embl\u00e9matique pour la communaut\u00e9 et une collecte de fonds pour aider le mus\u00e9e \u00e0 restaurer les avions et \u00e0 am\u00e9liorer les expositions.<\/p>\n\n\n\n<p><strong>23e salon annuel du hobby de printemps<\/strong><\/p>\n\n\n\n<p>SAUV\u00c9 LA DATE<\/p>\n\n\n\n<p>Samedi, le 20 Avril \u00e0 10 heures \u2013 16 heures, 2024 et dimanche, le 21 Avril \u00e0 10 heures \u2013 16 heures, 2024*<\/p>\n\n\n\n<p>*Veuillez noter que l&#8217;inscription au salon Hobby 2024 n&#8217;ouvrira qu&#8217;en f\u00e9vrier 2024.<\/p>\n\n\n\n<p><strong>De quoi s&#8217;agit-il ?<\/strong><\/p>\n\n\n\n<p>Il s&#8217;agit d&#8217;un \u00e9v\u00e9nement multidisciplinaire pr\u00e9sentant des mod\u00e8les r\u00e9duits d&#8217;avions, d&#8217;armures, de navires, de figurines, de science-fiction, d&#8217;automobiles et de trains miniatures ; des poup\u00e9es et des miniatures de maisons de poup\u00e9es ; des mod\u00e8les r\u00e9duits de navires et d&#8217;avions radiocommand\u00e9s ; une exposition de Lego ; des jeux historiques ; un avion radiocommand\u00e9, une foire commerciale et bien d&#8217;autres choses encore.&nbsp; Veuillez noter que l&#8217;exposition se tiendra au Sea King Club, 242 Warrior Avenue, Shearwater. Une pi\u00e8ce d&#8217;identit\u00e9 avec photo d\u00e9livr\u00e9e par le gouvernement sera exig\u00e9e \u00e0 la barri\u00e8re de s\u00e9curit\u00e9 de Shearwater.<\/p>\n\n\n\n<p>Tous les b\u00e9n\u00e9fices de l&#8217;\u00e9v\u00e9nement seront revers\u00e9s au mus\u00e9e de l&#8217;aviation de Shearwater.<\/p>\n\n\n\n<p><strong>O\u00f9 nous trouver&#8230;<\/strong><\/p>\n\n\n\n<p>Le spectacle aura lieu au Sea King Club, 242 Warrior Avenue (le premier virage \u00e0 gauche apr\u00e8s la porte principale). La porte principale se trouve apr\u00e8s le mus\u00e9e, sur la route d&#8217;entr\u00e9e (Bonaventure Street) de l&#8217;a\u00e9roport de Shearwater, directement \u00e0 la sortie de Main Road (route nationale 322), apr\u00e8s l&#8217;ancienne raffinerie Imperial Oil.<\/p>\n\n\n\n<p>Cliquez ici pour obtenir une carte.<\/p>\n\n\n\n<p><strong>Participez au spectacle !<\/strong><\/p>\n\n\n\n<p>Admission g\u00e9n\u00e9rale :&nbsp; &nbsp; &nbsp; &nbsp; Le prix de l&#8217;entr\u00e9e g\u00e9n\u00e9rale est de 5 $ par personne ou de 12 $ par famille de quatre personnes.<\/p>\n\n\n\n<p>Les exposants peuvent r\u00e9server des tables d&#8217;exposition gratuites pour pr\u00e9senter leur hobby, ou louer des tables d&#8217;exposition au prix de 25 $ chacune pour acheter, vendre ou \u00e9changer des objets personnels. Veuillez r\u00e9server les tables d&#8217;exposition et de foire \u00e0 l&#8217;avance.&nbsp; Pour r\u00e9server des tables, contactez le mus\u00e9e de l&#8217;aviation de Shearwater \u00e0 l&#8217;adresse office@shearwateraviationmuseum.ns.ca ou au (902) 720-1083, ou remplissez le formulaire d&#8217;inscription pour les exposants et les vendeurs. Le paiement des tables peut \u00eatre effectu\u00e9 en esp\u00e8ces, par ch\u00e8que, par d\u00e9bit\/cr\u00e9dit ou par virement \u00e9lectronique. L&#8217;adresse \u00e9lectronique pour le paiement par virement est la suivante :<\/p>\n\n\n\n<p><a href=\"mailto:1099-HFXSAMPMTS@CFMWS.COM\">1099-HFXSAMPMTS@CFMWS.COM<\/a><\/p>\n\n\n\n<p>Les re\u00e7us pour les locations de tables sont disponibles sur demande.<\/p>\n\n\n\n<p>Note : Il n&#8217;y aura pas de concours de mod\u00e8les cette ann\u00e9e.<\/p>\n\n\n\n<p>Amenez vos familles !&nbsp; Parlez-en \u00e0 vos amis ! Au plaisir de vous voir !<\/p>\n","protected":false},"excerpt":{"rendered":"<div class=\"entry-summary\">\n<div class=\"entry-summary\">\nEXPOSITION ANNUEL DE PRINTEMPS SUR LES LOISIR CR\u00c9ATIF: Le mus\u00e9e de l&#8217;aviation de Shearwater pr\u00e9sente son exposition annuelle de printemps, un \u00e9v\u00e9nement embl\u00e9matique pour la communaut\u00e9 et une collecte de fonds pour aider le mus\u00e9e \u00e0 restaurer les avions et&hellip;\n<\/div>\n<div class=\"link-more\"><a href=\"https:\/\/shearwateraviationmuseum.ca\/index.php\/fr\/quoi-voir-et-faire\/exposition-passe-temps-du-printemps\/\" class=\"more-link\">Continue reading<span class=\"screen-reader-text\"> &ldquo;Exposition passe-temps du printemps&rdquo;<\/span>&hellip;<\/a><\/div>\n<\/div>\n<div class=\"link-more\"><a href=\"https:\/\/shearwateraviationmuseum.ca\/index.php\/fr\/quoi-voir-et-faire\/exposition-passe-temps-du-printemps\/\" class=\"more-link\">Continue reading<span class=\"screen-reader-text\"> &ldquo;Exposition passe-temps du printemps&rdquo;<\/span>&hellip;<\/a><\/div>\n","protected":false},"author":1,"featured_media":0,"parent":380,"menu_order":0,"comment_status":"closed","ping_status":"closed","template":"","meta":{"_acf_changed":false,"footnotes":""},"class_list":["post-390","page","type-page","status-publish","hentry","entry"],"acf":[],"yoast_head":"<!-- This site is optimized with the Yoast SEO plugin v27.3 - https:\/\/yoast.com\/product\/yoast-seo-wordpress\/ -->\n<title>Exposition passe-temps du printemps - Shearwater Aviation Museum<\/title>\n<meta name=\"description\" content=\"Le mus\u00e9e de l&#039;aviation de Shearwater pr\u00e9sente son exposition annuelle de printemps, un \u00e9v\u00e9nement embl\u00e9matique pour la communaut\u00e9 et une collecte de fonds pour aider le mus\u00e9e \u00e0 restaurer les avions et \u00e0 am\u00e9liorer les expositions.\" \/>\n<meta name=\"robots\" content=\"index, follow, max-snippet:-1, max-image-preview:large, max-video-preview:-1\" \/>\n<link rel=\"canonical\" href=\"https:\/\/shearwateraviationmuseum.ca\/index.php\/fr\/quoi-voir-et-faire\/exposition-passe-temps-du-printemps\/\" \/>\n<meta property=\"og:locale\" content=\"en_US\" \/>\n<meta property=\"og:type\" content=\"article\" \/>\n<meta property=\"og:title\" content=\"Exposition passe-temps du printemps - Shearwater Aviation Museum\" \/>\n<meta property=\"og:description\" content=\"Le mus\u00e9e de l&#039;aviation de Shearwater pr\u00e9sente son exposition annuelle de printemps, un \u00e9v\u00e9nement embl\u00e9matique pour la communaut\u00e9 et une collecte de fonds pour aider le mus\u00e9e \u00e0 restaurer les avions et \u00e0 am\u00e9liorer les expositions.\" \/>\n<meta property=\"og:url\" content=\"https:\/\/shearwateraviationmuseum.ca\/index.php\/fr\/quoi-voir-et-faire\/exposition-passe-temps-du-printemps\/\" \/>\n<meta property=\"og:site_name\" content=\"Shearwater Aviation Museum\" \/>\n<meta property=\"article:modified_time\" content=\"2023-10-26T15:47:42+00:00\" \/>\n<meta name=\"twitter:card\" content=\"summary_large_image\" \/>\n<script type=\"application\/ld+json\" class=\"yoast-schema-graph\">{\"@context\":\"https:\\\/\\\/schema.org\",\"@graph\":[{\"@type\":\"WebPage\",\"@id\":\"https:\\\/\\\/shearwateraviationmuseum.ca\\\/index.php\\\/fr\\\/quoi-voir-et-faire\\\/exposition-passe-temps-du-printemps\\\/\",\"url\":\"https:\\\/\\\/shearwateraviationmuseum.ca\\\/index.php\\\/fr\\\/quoi-voir-et-faire\\\/exposition-passe-temps-du-printemps\\\/\",\"name\":\"Exposition passe-temps du printemps - Shearwater Aviation Museum\",\"isPartOf\":{\"@id\":\"https:\\\/\\\/shearwateraviationmuseum.ca\\\/#website\"},\"datePublished\":\"2021-08-11T04:52:51+00:00\",\"dateModified\":\"2023-10-26T15:47:42+00:00\",\"description\":\"Le mus\u00e9e de l'aviation de Shearwater pr\u00e9sente son exposition annuelle de printemps, un \u00e9v\u00e9nement embl\u00e9matique pour la communaut\u00e9 et une collecte de fonds pour aider le mus\u00e9e \u00e0 restaurer les avions et \u00e0 am\u00e9liorer les expositions.\",\"breadcrumb\":{\"@id\":\"https:\\\/\\\/shearwateraviationmuseum.ca\\\/index.php\\\/fr\\\/quoi-voir-et-faire\\\/exposition-passe-temps-du-printemps\\\/#breadcrumb\"},\"inLanguage\":\"en-CA\",\"potentialAction\":[{\"@type\":\"ReadAction\",\"target\":[\"https:\\\/\\\/shearwateraviationmuseum.ca\\\/index.php\\\/fr\\\/quoi-voir-et-faire\\\/exposition-passe-temps-du-printemps\\\/\"]}]},{\"@type\":\"BreadcrumbList\",\"@id\":\"https:\\\/\\\/shearwateraviationmuseum.ca\\\/index.php\\\/fr\\\/quoi-voir-et-faire\\\/exposition-passe-temps-du-printemps\\\/#breadcrumb\",\"itemListElement\":[{\"@type\":\"ListItem\",\"position\":1,\"name\":\"Home\",\"item\":\"https:\\\/\\\/shearwateraviationmuseum.ca\\\/\"},{\"@type\":\"ListItem\",\"position\":2,\"name\":\"Quoi voir et faire\",\"item\":\"https:\\\/\\\/shearwateraviationmuseum.ca\\\/index.php\\\/fr\\\/quoi-voir-et-faire\\\/\"},{\"@type\":\"ListItem\",\"position\":3,\"name\":\"Exposition passe-temps du printemps\"}]},{\"@type\":\"WebSite\",\"@id\":\"https:\\\/\\\/shearwateraviationmuseum.ca\\\/#website\",\"url\":\"https:\\\/\\\/shearwateraviationmuseum.ca\\\/\",\"name\":\"Shearwater Aviation Museum\",\"description\":\"Home of Canadian Maritime Military Aviation\",\"publisher\":{\"@id\":\"https:\\\/\\\/shearwateraviationmuseum.ca\\\/#organization\"},\"potentialAction\":[{\"@type\":\"SearchAction\",\"target\":{\"@type\":\"EntryPoint\",\"urlTemplate\":\"https:\\\/\\\/shearwateraviationmuseum.ca\\\/?s={search_term_string}\"},\"query-input\":{\"@type\":\"PropertyValueSpecification\",\"valueRequired\":true,\"valueName\":\"search_term_string\"}}],\"inLanguage\":\"en-CA\"},{\"@type\":\"Organization\",\"@id\":\"https:\\\/\\\/shearwateraviationmuseum.ca\\\/#organization\",\"name\":\"Shearwater Aviation Museum\",\"url\":\"https:\\\/\\\/shearwateraviationmuseum.ca\\\/\",\"logo\":{\"@type\":\"ImageObject\",\"inLanguage\":\"en-CA\",\"@id\":\"https:\\\/\\\/shearwateraviationmuseum.ca\\\/#\\\/schema\\\/logo\\\/image\\\/\",\"url\":\"https:\\\/\\\/shearwateraviationmuseum.ca\\\/wp-content\\\/uploads\\\/2021\\\/02\\\/cropped-SAM-Logo-192.jpg\",\"contentUrl\":\"https:\\\/\\\/shearwateraviationmuseum.ca\\\/wp-content\\\/uploads\\\/2021\\\/02\\\/cropped-SAM-Logo-192.jpg\",\"width\":155,\"height\":137,\"caption\":\"Shearwater Aviation Museum\"},\"image\":{\"@id\":\"https:\\\/\\\/shearwateraviationmuseum.ca\\\/#\\\/schema\\\/logo\\\/image\\\/\"}}]}<\/script>\n<!-- \/ Yoast SEO plugin. -->","yoast_head_json":{"title":"Exposition passe-temps du printemps - Shearwater Aviation Museum","description":"Le mus\u00e9e de l'aviation de Shearwater pr\u00e9sente son exposition annuelle de printemps, un \u00e9v\u00e9nement embl\u00e9matique pour la communaut\u00e9 et une collecte de fonds pour aider le mus\u00e9e \u00e0 restaurer les avions et \u00e0 am\u00e9liorer les expositions.","robots":{"index":"index","follow":"follow","max-snippet":"max-snippet:-1","max-image-preview":"max-image-preview:large","max-video-preview":"max-video-preview:-1"},"canonical":"https:\/\/shearwateraviationmuseum.ca\/index.php\/fr\/quoi-voir-et-faire\/exposition-passe-temps-du-printemps\/","og_locale":"en_US","og_type":"article","og_title":"Exposition passe-temps du printemps - Shearwater Aviation Museum","og_description":"Le mus\u00e9e de l'aviation de Shearwater pr\u00e9sente son exposition annuelle de printemps, un \u00e9v\u00e9nement embl\u00e9matique pour la communaut\u00e9 et une collecte de fonds pour aider le mus\u00e9e \u00e0 restaurer les avions et \u00e0 am\u00e9liorer les expositions.","og_url":"https:\/\/shearwateraviationmuseum.ca\/index.php\/fr\/quoi-voir-et-faire\/exposition-passe-temps-du-printemps\/","og_site_name":"Shearwater Aviation Museum","article_modified_time":"2023-10-26T15:47:42+00:00","twitter_card":"summary_large_image","schema":{"@context":"https:\/\/schema.org","@graph":[{"@type":"WebPage","@id":"https:\/\/shearwateraviationmuseum.ca\/index.php\/fr\/quoi-voir-et-faire\/exposition-passe-temps-du-printemps\/","url":"https:\/\/shearwateraviationmuseum.ca\/index.php\/fr\/quoi-voir-et-faire\/exposition-passe-temps-du-printemps\/","name":"Exposition passe-temps du printemps - Shearwater Aviation Museum","isPartOf":{"@id":"https:\/\/shearwateraviationmuseum.ca\/#website"},"datePublished":"2021-08-11T04:52:51+00:00","dateModified":"2023-10-26T15:47:42+00:00","description":"Le mus\u00e9e de l'aviation de Shearwater pr\u00e9sente son exposition annuelle de printemps, un \u00e9v\u00e9nement embl\u00e9matique pour la communaut\u00e9 et une collecte de fonds pour aider le mus\u00e9e \u00e0 restaurer les avions et \u00e0 am\u00e9liorer les expositions.","breadcrumb":{"@id":"https:\/\/shearwateraviationmuseum.ca\/index.php\/fr\/quoi-voir-et-faire\/exposition-passe-temps-du-printemps\/#breadcrumb"},"inLanguage":"en-CA","potentialAction":[{"@type":"ReadAction","target":["https:\/\/shearwateraviationmuseum.ca\/index.php\/fr\/quoi-voir-et-faire\/exposition-passe-temps-du-printemps\/"]}]},{"@type":"BreadcrumbList","@id":"https:\/\/shearwateraviationmuseum.ca\/index.php\/fr\/quoi-voir-et-faire\/exposition-passe-temps-du-printemps\/#breadcrumb","itemListElement":[{"@type":"ListItem","position":1,"name":"Home","item":"https:\/\/shearwateraviationmuseum.ca\/"},{"@type":"ListItem","position":2,"name":"Quoi voir et faire","item":"https:\/\/shearwateraviationmuseum.ca\/index.php\/fr\/quoi-voir-et-faire\/"},{"@type":"ListItem","position":3,"name":"Exposition passe-temps du printemps"}]},{"@type":"WebSite","@id":"https:\/\/shearwateraviationmuseum.ca\/#website","url":"https:\/\/shearwateraviationmuseum.ca\/","name":"Shearwater Aviation Museum","description":"Home of Canadian Maritime Military Aviation","publisher":{"@id":"https:\/\/shearwateraviationmuseum.ca\/#organization"},"potentialAction":[{"@type":"SearchAction","target":{"@type":"EntryPoint","urlTemplate":"https:\/\/shearwateraviationmuseum.ca\/?s={search_term_string}"},"query-input":{"@type":"PropertyValueSpecification","valueRequired":true,"valueName":"search_term_string"}}],"inLanguage":"en-CA"},{"@type":"Organization","@id":"https:\/\/shearwateraviationmuseum.ca\/#organization","name":"Shearwater Aviation Museum","url":"https:\/\/shearwateraviationmuseum.ca\/","logo":{"@type":"ImageObject","inLanguage":"en-CA","@id":"https:\/\/shearwateraviationmuseum.ca\/#\/schema\/logo\/image\/","url":"https:\/\/shearwateraviationmuseum.ca\/wp-content\/uploads\/2021\/02\/cropped-SAM-Logo-192.jpg","contentUrl":"https:\/\/shearwateraviationmuseum.ca\/wp-content\/uploads\/2021\/02\/cropped-SAM-Logo-192.jpg","width":155,"height":137,"caption":"Shearwater Aviation Museum"},"image":{"@id":"https:\/\/shearwateraviationmuseum.ca\/#\/schema\/logo\/image\/"}}]}},"jetpack_sharing_enabled":true,"_links":{"self":[{"href":"https:\/\/shearwateraviationmuseum.ca\/index.php\/wp-json\/wp\/v2\/pages\/390","targetHints":{"allow":["GET"]}}],"collection":[{"href":"https:\/\/shearwateraviationmuseum.ca\/index.php\/wp-json\/wp\/v2\/pages"}],"about":[{"href":"https:\/\/shearwateraviationmuseum.ca\/index.php\/wp-json\/wp\/v2\/types\/page"}],"author":[{"embeddable":true,"href":"https:\/\/shearwateraviationmuseum.ca\/index.php\/wp-json\/wp\/v2\/users\/1"}],"replies":[{"embeddable":true,"href":"https:\/\/shearwateraviationmuseum.ca\/index.php\/wp-json\/wp\/v2\/comments?post=390"}],"version-history":[{"count":2,"href":"https:\/\/shearwateraviationmuseum.ca\/index.php\/wp-json\/wp\/v2\/pages\/390\/revisions"}],"predecessor-version":[{"id":18670,"href":"https:\/\/shearwateraviationmuseum.ca\/index.php\/wp-json\/wp\/v2\/pages\/390\/revisions\/18670"}],"up":[{"embeddable":true,"href":"https:\/\/shearwateraviationmuseum.ca\/index.php\/wp-json\/wp\/v2\/pages\/380"}],"wp:attachment":[{"href":"https:\/\/shearwateraviationmuseum.ca\/index.php\/wp-json\/wp\/v2\/media?parent=390"}],"curies":[{"name":"wp","href":"https:\/\/api.w.org\/{rel}","templated":true}]}}